{"id":110,"date":"2020-02-13T16:30:26","date_gmt":"2020-02-13T15:30:26","guid":{"rendered":"http:\/\/aboutme.gilberte.eu\/?page_id=110"},"modified":"2022-01-11T11:57:58","modified_gmt":"2022-01-11T10:57:58","slug":"formation","status":"publish","type":"page","link":"https:\/\/aboutme.gilberte.eu\/?page_id=110","title":{"rendered":"Formation"},"content":{"rendered":"\n<hr class=\"wp-block-separator\"\/>\n\n\n\n<div class=\"wp-block-media-text alignwide is-stacked-on-mobile\" style=\"grid-template-columns:17% auto\"><figure class=\"wp-block-media-text__media\"><img loading=\"lazy\" decoding=\"async\" width=\"300\" height=\"200\" src=\"https:\/\/aboutme.gilberte.eu\/wp-content\/uploads\/2020\/02\/3571d41e-4d71-4945-bdf7-9ad.jpg\" alt=\"\" class=\"wp-image-124 size-full\"\/><\/figure><div class=\"wp-block-media-text__content\">\n<h1 class=\"wp-block-heading\">Gagner en impact client<\/h1>\n\n\n\n<p><em>ORSYS<\/em><\/p>\n<\/div><\/div>\n\n\n\n<div style=\"height:30px\" aria-hidden=\"true\" class=\"wp-block-spacer\"><\/div>\n\n\n\n<div class=\"wp-block-media-text alignwide is-stacked-on-mobile\" style=\"grid-template-columns:17% auto\"><figure class=\"wp-block-media-text__media\"><img loading=\"lazy\" decoding=\"async\" width=\"392\" height=\"261\" src=\"http:\/\/aboutme.gilberte.eu\/wp-content\/uploads\/2020\/02\/unnamed.jpg\" alt=\"\" class=\"wp-image-122 size-full\" srcset=\"https:\/\/aboutme.gilberte.eu\/wp-content\/uploads\/2020\/02\/unnamed.jpg 392w, https:\/\/aboutme.gilberte.eu\/wp-content\/uploads\/2020\/02\/unnamed-300x200.jpg 300w\" sizes=\"auto, (max-width: 392px) 100vw, 392px\" \/><\/figure><div class=\"wp-block-media-text__content\">\n<h1 class=\"has-very-dark-gray-color has-text-color wp-block-heading\">Sauveteur &#8211; Secouriste du travail<\/h1>\n\n\n\n<p><em>Croix-rouge fran\u00e7aise<\/em><\/p>\n<\/div><\/div>\n\n\n\n<div style=\"height:30px\" aria-hidden=\"true\" class=\"wp-block-spacer\"><\/div>\n\n\n\n<div class=\"wp-block-media-text alignwide is-stacked-on-mobile\" style=\"grid-template-columns:17% auto\"><figure class=\"wp-block-media-text__media\"><img loading=\"lazy\" decoding=\"async\" width=\"826\" height=\"465\" src=\"http:\/\/aboutme.gilberte.eu\/wp-content\/uploads\/2020\/02\/daef70478723f6c6646e9e306c5a45f9.png\" alt=\"\" class=\"wp-image-127 size-full\" srcset=\"https:\/\/aboutme.gilberte.eu\/wp-content\/uploads\/2020\/02\/daef70478723f6c6646e9e306c5a45f9.png 826w, https:\/\/aboutme.gilberte.eu\/wp-content\/uploads\/2020\/02\/daef70478723f6c6646e9e306c5a45f9-300x169.png 300w, https:\/\/aboutme.gilberte.eu\/wp-content\/uploads\/2020\/02\/daef70478723f6c6646e9e306c5a45f9-768x432.png 768w\" sizes=\"auto, (max-width: 826px) 100vw, 826px\" \/><\/figure><div class=\"wp-block-media-text__content\">\n<h1 class=\"has-very-dark-gray-color has-text-color wp-block-heading\">UX Design &amp; Ergonomie des interfaces \/ IHM<\/h1>\n\n\n\n<p><em>Usabilis<\/em><\/p>\n<\/div><\/div>\n\n\n\n<div style=\"height:20px\" aria-hidden=\"true\" class=\"wp-block-spacer\"><\/div>\n\n\n\n<div class=\"wp-block-media-text alignwide is-stacked-on-mobile\" style=\"grid-template-columns:17% auto\"><figure class=\"wp-block-media-text__media\"><img loading=\"lazy\" decoding=\"async\" width=\"300\" height=\"200\" src=\"http:\/\/aboutme.gilberte.eu\/wp-content\/uploads\/2020\/02\/3571d41e-4d71-4945-bdf7-9ad.jpg\" alt=\"\" class=\"wp-image-124 size-full\"\/><\/figure><div class=\"wp-block-media-text__content\">\n<h1 class=\"has-very-dark-gray-color has-text-color wp-block-heading\">Le marketing des services<\/h1>\n\n\n\n<p><em>ORSYS<\/em><\/p>\n<\/div><\/div>\n\n\n\n<div style=\"height:20px\" aria-hidden=\"true\" class=\"wp-block-spacer\"><\/div>\n\n\n\n<div class=\"wp-block-media-text alignwide is-stacked-on-mobile\" style=\"grid-template-columns:17% auto\"><figure class=\"wp-block-media-text__media\"><img loading=\"lazy\" decoding=\"async\" width=\"200\" height=\"200\" src=\"http:\/\/aboutme.gilberte.eu\/wp-content\/uploads\/2020\/02\/0.png\" alt=\"\" class=\"wp-image-125 size-full\" srcset=\"https:\/\/aboutme.gilberte.eu\/wp-content\/uploads\/2020\/02\/0.png 200w, https:\/\/aboutme.gilberte.eu\/wp-content\/uploads\/2020\/02\/0-150x150.png 150w\" sizes=\"auto, (max-width: 200px) 100vw, 200px\" \/><\/figure><div class=\"wp-block-media-text__content\">\n<h1 class=\"has-very-dark-gray-color has-text-color wp-block-heading\">G\u00e9nie logiciel et conduite de projet<\/h1>\n\n\n\n<p><em>AFCEPF<\/em><\/p>\n<\/div><\/div>\n\n\n\n<div style=\"height:20px\" aria-hidden=\"true\" class=\"wp-block-spacer\"><\/div>\n\n\n\n<div class=\"wp-block-media-text alignwide is-stacked-on-mobile\" style=\"grid-template-columns:17% auto\"><figure class=\"wp-block-media-text__media\"><img loading=\"lazy\" decoding=\"async\" width=\"814\" height=\"803\" src=\"http:\/\/aboutme.gilberte.eu\/wp-content\/uploads\/2020\/02\/Image11.png\" alt=\"\" class=\"wp-image-117 size-full\" srcset=\"https:\/\/aboutme.gilberte.eu\/wp-content\/uploads\/2020\/02\/Image11.png 814w, https:\/\/aboutme.gilberte.eu\/wp-content\/uploads\/2020\/02\/Image11-300x296.png 300w, https:\/\/aboutme.gilberte.eu\/wp-content\/uploads\/2020\/02\/Image11-768x758.png 768w\" sizes=\"auto, (max-width: 814px) 100vw, 814px\" \/><\/figure><div class=\"wp-block-media-text__content\">\n<h1 class=\"has-very-dark-gray-color has-text-color wp-block-heading\">Master Ing\u00e9nierie de la sant\u00e9, Ergonomie<\/h1>\n\n\n\n<p><em>IUP Nancy Lorraine<\/em> &#8211; Facult\u00e9 de M\u00e9decine de Nancy<\/p>\n<\/div><\/div>\n\n\n\n<div style=\"height:20px\" aria-hidden=\"true\" class=\"wp-block-spacer\"><\/div>\n\n\n\n<div class=\"wp-block-media-text alignwide is-stacked-on-mobile\" style=\"grid-template-columns:17% auto\"><figure class=\"wp-block-media-text__media\"><img loading=\"lazy\" decoding=\"async\" width=\"558\" height=\"90\" src=\"http:\/\/aboutme.gilberte.eu\/wp-content\/uploads\/2020\/02\/images.png\" alt=\"\" class=\"wp-image-120 size-full\" srcset=\"https:\/\/aboutme.gilberte.eu\/wp-content\/uploads\/2020\/02\/images.png 558w, https:\/\/aboutme.gilberte.eu\/wp-content\/uploads\/2020\/02\/images-300x48.png 300w\" sizes=\"auto, (max-width: 558px) 100vw, 558px\" \/><\/figure><div class=\"wp-block-media-text__content\">\n<h1 class=\"has-very-dark-gray-color has-text-color wp-block-heading\">DUT G\u00e9nie Biologique<\/h1>\n\n\n\n<p><em>IUT Nancy Brabois &#8211; Universit\u00e9 de Lorraine<\/em><\/p>\n<\/div><\/div>\n","protected":false},"excerpt":{"rendered":"<p>Gagner en impact client ORSYS Sauveteur &#8211; Secouriste du travail Croix-rouge fran\u00e7aise UX Design &amp; Ergonomie des interfaces \/ IHM Usabilis Le marketing des services ORSYS G\u00e9nie logiciel et conduite de projet AFCEPF Master Ing\u00e9nierie de la sant\u00e9, Ergonomie IUP Nancy Lorraine &#8211; Facult\u00e9 de&nbsp;<a class=\"read-more\" href=\"https:\/\/aboutme.gilberte.eu\/?page_id=110\">&hellip;<\/a><\/p>\n","protected":false},"author":1,"featured_media":0,"parent":0,"menu_order":0,"comment_status":"closed","ping_status":"closed","template":"","meta":{"footnotes":""},"class_list":["post-110","page","type-page","status-publish","hentry"],"_links":{"self":[{"href":"https:\/\/aboutme.gilberte.eu\/index.php?rest_route=\/wp\/v2\/pages\/110","targetHints":{"allow":["GET"]}}],"collection":[{"href":"https:\/\/aboutme.gilberte.eu\/index.php?rest_route=\/wp\/v2\/pages"}],"about":[{"href":"https:\/\/aboutme.gilberte.eu\/index.php?rest_route=\/wp\/v2\/types\/page"}],"author":[{"embeddable":true,"href":"https:\/\/aboutme.gilberte.eu\/index.php?rest_route=\/wp\/v2\/users\/1"}],"replies":[{"embeddable":true,"href":"https:\/\/aboutme.gilberte.eu\/index.php?rest_route=%2Fwp%2Fv2%2Fcomments&post=110"}],"version-history":[{"count":9,"href":"https:\/\/aboutme.gilberte.eu\/index.php?rest_route=\/wp\/v2\/pages\/110\/revisions"}],"predecessor-version":[{"id":401,"href":"https:\/\/aboutme.gilberte.eu\/index.php?rest_route=\/wp\/v2\/pages\/110\/revisions\/401"}],"wp:attachment":[{"href":"https:\/\/aboutme.gilberte.eu\/index.php?rest_route=%2Fwp%2Fv2%2Fmedia&parent=110"}],"curies":[{"name":"wp","href":"https:\/\/api.w.org\/{rel}","templated":true}]}}